{"id":49311,"date":"2024-12-14T16:58:26","date_gmt":"2024-12-14T15:58:26","guid":{"rendered":"https:\/\/structwater.com\/produit\/structfood-energizing-plate-for-food-care-products-and-supplements\/"},"modified":"2024-12-14T16:58:26","modified_gmt":"2024-12-14T15:58:26","slug":"structfood-energizing-plate-for-food-care-products-and-supplements","status":"publish","type":"product","link":"https:\/\/structwater.com\/en\/produit\/structfood-energizing-plate-for-food-care-products-and-supplements\/","title":{"rendered":"StructFood &#8211; Energizing Plate for Food, Care Products and Supplements"},"content":{"rendered":"<style>.structfood-wc,\n.structfood-wc p,\n.structfood-wc li,\n.structfood-wc span,\n.structfood-wc div {\n  font-family: Arial, Helvetica, sans-serif !important;\n  color: #5f564c !important;\n  line-height: 1.75 !important;\n}<\/p>\n<p>.structfood-wc {\n  max-width: 100% !important;\n}<\/p>\n<p>.structfood-wc .sf-box {\n  background: #f8f3eb !important;\n  border: 1px solid #e8ddd0 !important;\n  border-radius: 18px !important;\n  padding: 30px !important;\n  margin: 0 0 30px 0 !important;\n}<\/p>\n<p>.structfood-wc .sf-section {\n  margin: 0 0 42px 0 !important;\n}<\/p>\n<p>.structfood-wc h2 {\n  font-size: 28px !important;\n  line-height: 1.25 !important;\n  margin: 0 0 18px 0 !important;\n  color: #8e6f47 !important;\n  font-weight: 600 !important;\n  letter-spacing: 0.2px !important;\n}<\/p>\n<p>.structfood-wc h3 {\n  font-size: 22px !important;\n  line-height: 1.35 !important;\n  margin: 0 0 12px 0 !important;\n  color: #7a6244 !important;\n  font-weight: 600 !important;\n}<\/p>\n<p>.structfood-wc p {\n  font-size: 17px !important;\n  margin: 0 0 14px 0 !important;\n}<\/p>\n<p>.structfood-wc strong {\n  color: #7f6747 !important;\n  font-weight: 600 !important;\n}<\/p>\n<p>.structfood-wc .sf-lead {\n  font-size: 20px !important;\n  color: #746554 !important;\n}<\/p>\n<p>.structfood-wc .sf-grid {\n  display: grid !important;\n  grid-template-columns: repeat(2, 1fr) !important;\n  gap: 24px !important;\n}<\/p>\n<p>.structfood-wc .sf-card {\n  background: #fcfaf7 !important;\n  border: 1px solid #eadfce !important;\n  border-radius: 16px !important;\n  padding: 24px !important;\n  box-shadow: 0 6px 20px rgba(120, 98, 68, 0.05) !important;\n}<\/p>\n<p>.structfood-wc ul {\n  margin: 0 !important;\n  padding-left: 22px !important;\n}<\/p>\n<p>.structfood-wc li {\n  margin-bottom: 10px !important;\n  font-size: 16px !important;\n}<\/p>\n<p>.structfood-wc .sf-highlight {\n  background: #fcf8f2 !important;\n  border-left: 4px solid #c7a86d !important;\n  padding: 16px 18px !important;\n  border-radius: 0 12px 12px 0 !important;\n  margin-top: 18px !important;\n}<\/p>\n<p>.structfood-wc .sf-faq-item {\n  border: 1px solid #eadfce !important;\n  border-radius: 16px !important;\n  padding: 18px 20px !important;\n  margin-bottom: 14px !important;\n  background: #fffdf9 !important;\n}<\/p>\n<p>.structfood-wc .sf-small {\n  color: #8d8174 !important;\n  font-size: 15px !important;\n}<\/p>\n<p>@media (max-width: 767px) {\n  .structfood-wc .sf-grid {\n    grid-template-columns: 1fr !important;\n  }<\/p>\n<p>  .structfood-wc h2 {\n    font-size: 24px !important;\n  }<\/p>\n<p>  .structfood-wc h3 {\n    font-size: 20px !important;\n  }<\/p>\n<p>  .structfood-wc p,\n  .structfood-wc li {\n    font-size: 16px !important;\n  }<\/p>\n<p>  .structfood-wc .sf-lead {\n    font-size: 18px !important;\n  }\n}\n<\/style>\n<div class=\"structfood-wc\">\n<div class=\"sf-box\">\n<h2>StructFood \u2013 Plateau dynamisant premium<\/h2>\n<p class=\"sf-lead\">Offrez une pr\u00e9sence plus harmonieuse \u00e0 votre eau, \u00e0 vos aliments, \u00e0 vos huiles et \u00e0 vos cosm\u00e9tiques du quotidien.\n    <\/p>\n<p>Le <strong>StructFood<\/strong> est un plateau dynamisant con\u00e7u pour accompagner ce qui nourrit et soutient le vivant. Il s\u2019int\u00e8gre naturellement dans l\u2019univers StructWater, avec une approche inspir\u00e9e du vivant, pour favoriser plus d\u2019harmonie, plus de coh\u00e9rence et une sensation de meilleure qualit\u00e9 d\u2019usage.\n    <\/p>\n<p>Simple \u00e0 utiliser, \u00e9l\u00e9gant et totalement passif, il suffit d\u2019y poser vos produits quelques minutes avant utilisation.\n    <\/p>\n<\/div>\n<div class=\"sf-section\">\n<h2>Pourquoi choisir StructFood ?<\/h2>\n<div class=\"sf-grid\">\n<div class=\"sf-card\">\n<h3>Usage simple<\/h3>\n<p>Aucun branchement, aucun r\u00e9glage, aucune contrainte technique. Vous posez simplement vos produits sur le plateau.\n        <\/p>\n<\/div>\n<div class=\"sf-card\">\n<h3>Polyvalence<\/h3>\n<p>Eau, fruits, l\u00e9gumes, salades, compl\u00e9ments, huiles v\u00e9g\u00e9tales, \u00e9lixirs, cosm\u00e9tiques\u2026 StructFood accompagne de nombreux usages du quotidien.\n        <\/p>\n<\/div>\n<div class=\"sf-card\">\n<h3>Technologie passive<\/h3>\n<p>Il fonctionne de mani\u00e8re naturelle et durable, sans alimentation \u00e9lectrique ni entretien complexe.\n        <\/p>\n<\/div>\n<div class=\"sf-card\">\n<h3>Approche premium<\/h3>\n<p>Un objet con\u00e7u pour celles et ceux qui veulent prendre soin de la qualit\u00e9 subtile de ce qu\u2019ils consomment et utilisent chaque jour.\n        <\/p>\n<\/div>\n<\/div>\n<\/div>\n<div class=\"sf-section\">\n<h2>Les principaux usages<\/h2>\n<div class=\"sf-grid\">\n<div class=\"sf-card\">\n<h3>Pour l\u2019eau et les boissons<\/h3>\n<p>Placez une bouteille en verre, une carafe ou une boisson sur StructFood afin de favoriser une harmonisation avant consommation.\n        <\/p>\n<\/div>\n<div class=\"sf-card\">\n<h3>Pour les aliments<\/h3>\n<p>Fruits, l\u00e9gumes, plats froids, crudit\u00e9s, salades ou pr\u00e9parations alimentaires peuvent \u00eatre pos\u00e9s sur le plateau avant d\u00e9gustation.\n        <\/p>\n<\/div>\n<div class=\"sf-card\">\n<h3>Pour les huiles et compl\u00e9ments<\/h3>\n<p>Huiles v\u00e9g\u00e9tales, compl\u00e9ments alimentaires, pr\u00e9parations naturelles ou \u00e9lixirs peuvent \u00e9galement b\u00e9n\u00e9ficier d\u2019un temps de pose.\n        <\/p>\n<\/div>\n<div class=\"sf-card\">\n<h3>Pour les cosm\u00e9tiques<\/h3>\n<p>Cr\u00e8mes, huiles de soin et autres produits de beaut\u00e9 peuvent \u00eatre plac\u00e9s sur StructFood dans une logique de r\u00e9harmonisation subtile.\n        <\/p>\n<\/div>\n<\/div>\n<\/div>\n<div class=\"sf-section\">\n<h2>Comment l\u2019utiliser ?<\/h2>\n<p>L\u2019utilisation de StructFood est volontairement simple : posez le produit directement sur le plateau, laissez agir le temps souhait\u00e9, puis utilisez-le normalement.\n    <\/p>\n<ul>\n<li><strong>Eau :<\/strong> environ 15 \u00e0 20 minutes minimum<\/li>\n<li><strong>Temps id\u00e9al :<\/strong> 30 minutes \u00e0 1 heure lorsque cela est possible<\/li>\n<li><strong>Salades, fruits, l\u00e9gumes :<\/strong> quelques minutes avant consommation<\/li>\n<li><strong>Vin :<\/strong> quelques minutes seulement suffisent g\u00e9n\u00e9ralement<\/li>\n<li><strong>Huiles, compl\u00e9ments et cosm\u00e9tiques :<\/strong> selon votre usage habituel<\/li>\n<\/ul>\n<div class=\"sf-highlight\"><strong>Conseil d\u2019utilisation :<\/strong> pour un usage optimal, privil\u00e9giez autant que possible les contenants en verre, en c\u00e9ramique ou dans des mat\u00e9riaux neutres.\n    <\/div>\n<\/div>\n<div class=\"sf-section\">\n<h2>Une technologie inspir\u00e9e du vivant<\/h2>\n<p>StructFood s\u2019inscrit dans la continuit\u00e9 de l\u2019approche StructWater : une technologie inspir\u00e9e du vivant, con\u00e7ue pour favoriser davantage d\u2019ordre, d\u2019harmonie et de coh\u00e9rence dans ce qui entre en contact avec lui.\n    <\/p>\n<p>Il ne s\u2019agit pas simplement d\u2019un support, mais d\u2019un objet pens\u00e9 pour accompagner vos produits du quotidien dans une logique de meilleure qualit\u00e9 vibratoire et de pr\u00e9sence plus harmonieuse.\n    <\/p>\n<\/div>\n<div class=\"sf-section\">\n<h2>Entretien et pr\u00e9cautions<\/h2>\n<ul>\n<li>Ne pas mettre au lave-vaisselle<\/li>\n<li>Ne pas laisser tremper dans l\u2019eau<\/li>\n<li>Nettoyer avec un chiffon doux<\/li>\n<li>En cas de besoin, utiliser du vinaigre blanc et de l\u2019eau chaude<\/li>\n<li>Pour les plats tr\u00e8s chauds, il est pr\u00e9f\u00e9rable d\u2019utiliser une protection interm\u00e9diaire<\/li>\n<\/ul>\n<p class=\"sf-small\">Comme tout objet premium, StructFood m\u00e9rite une manipulation soigneuse pour conserver toute sa qualit\u00e9 dans le temps.\n    <\/p>\n<\/div>\n<div class=\"sf-section\">\n<h2>Questions fr\u00e9quentes<\/h2>\n<div class=\"sf-faq-item\">\n<h3>Combien de temps faut-il laisser les produits sur StructFood ?<\/h3>\n<p>Pour l\u2019eau, un minimum de 15 \u00e0 20 minutes est conseill\u00e9. Lorsque cela est possible, 30 minutes \u00e0 1 heure permet un usage plus pouss\u00e9. Pour les aliments ou cosm\u00e9tiques, le temps peut \u00eatre plus court selon la nature du produit.\n      <\/p>\n<\/div>\n<div class=\"sf-faq-item\">\n<h3>Peut-on y poser une bouteille, des fruits ou des cosm\u00e9tiques ?<\/h3>\n<p>Oui, StructFood est con\u00e7u pour accueillir diff\u00e9rents usages du quotidien : eau, boissons, fruits, l\u00e9gumes, huiles, compl\u00e9ments et cosm\u00e9tiques.\n      <\/p>\n<\/div>\n<div class=\"sf-faq-item\">\n<h3>Faut-il le brancher ?<\/h3>\n<p>Non. StructFood fonctionne de mani\u00e8re passive, sans branchement \u00e9lectrique.\n      <\/p>\n<\/div>\n<div class=\"sf-faq-item\">\n<h3>Est-ce un dispositif m\u00e9dical ?<\/h3>\n<p>Non. StructFood s\u2019inscrit dans une d\u00e9marche de bien-\u00eatre et d\u2019harmonisation d\u2019usage. Il ne constitue pas un dispositif m\u00e9dical.\n      <\/p>\n<\/div>\n<\/div>\n<\/div>\n","protected":false},"excerpt":{"rendered":"<div style=\"font-family: Arial,sans-serif; color: #486683; line-height: 1.7;\">\n<p style=\"margin: 0 0 12px;\"><strong style=\"color: #163b63;\">StructFood<\/strong> is an energizing plate designed for food, beverages, supplements, oils and daily care products.<\/p>\n<p style=\"margin: 0 0 12px;\">It enhances the quality of what you consume or apply to your body, without electricity or constraints, in just <strong>15 minutes<\/strong>.<\/p>\n<ul style=\"margin: 0; padding-left: 18px;\">\n<li>Food, Supplements and Care Products<\/li>\n<li>Simple Daily Use<\/li>\n<li>Passive and Lasting Action<\/li>\n<\/ul>\n<\/div>\n","protected":false},"featured_media":46124,"comment_status":"closed","ping_status":"closed","template":"","meta":[],"product_brand":[],"product_cat":[284],"product_tag":[289,286,285,290,287,288],"class_list":{"0":"post-49311","1":"product","2":"type-product","3":"status-publish","4":"has-post-thumbnail","6":"product_cat-food-care","7":"product_tag-energization-tool","8":"product_tag-energy-plate","9":"product_tag-food-energizer","10":"product_tag-food-harmonization","11":"product_tag-food-structuring","12":"product_tag-food-vitalization","14":"first","15":"instock","16":"taxable","17":"shipping-taxable","18":"purchasable","19":"product-type-variable"},"supplier_id":null,"supplier_sku":"","barcode":null,"atum_controlled":true,"out_stock_date":null,"out_stock_threshold":null,"inheritable":true,"inbound_stock":0,"stock_on_hold":1,"sold_today":1,"sales_last_days":1,"reserved_stock":0,"customer_returns":0,"warehouse_damage":0,"lost_in_post":0,"other_logs":0,"out_stock_days":0,"lost_sales":0,"has_location":false,"update_date":"2026-04-18T15:13:00","atum_locations":[],"atum_stock_status":"instock","restock_status":false,"low_stock_amount":"","sales_update_date":"2026-04-18T15:13:00","calc_backorders":null,"yoast_head":"<!-- This site is optimized with the Yoast SEO Premium plugin v27.3 (Yoast SEO v27.3) - https:\/\/yoast.com\/product\/yoast-seo-premium-wordpress\/ -->\n<title>StructFood Energizing Plate - Fast Delivery<\/title>\n<meta name=\"description\" content=\"StructFood Energizing Plate - Revitalizing Action, Dual Use, Elegant &amp; Eco-Friendly Design - 30 cm Diameter - 2 cm Height\" \/>\n<meta name=\"robots\" content=\"index, follow, max-snippet:-1, max-image-preview:large, max-video-preview:-1\" \/>\n<link rel=\"canonical\" href=\"https:\/\/structwater.com\/en\/produit\/structfood-energizing-plate-for-food-care-products-and-supplements\/\" \/>\n<meta property=\"og:locale\" content=\"en_US\" \/>\n<meta property=\"og:type\" content=\"article\" \/>\n<meta property=\"og:title\" content=\"StructFood Food Energizer by StructWater\" \/>\n<meta property=\"og:description\" content=\"Revitalize your food with the StructFood Food Energizer by StructWater. Discover a new way to savor your meals! \ud83c\udf7d\ufe0f\" \/>\n<meta property=\"og:url\" content=\"https:\/\/structwater.com\/en\/produit\/structfood-energizing-plate-for-food-care-products-and-supplements\/\" \/>\n<meta property=\"og:site_name\" content=\"Structwater\" \/>\n<meta property=\"article:publisher\" content=\"https:\/\/www.facebook.com\/people\/Structwater-France\/100069646514223\/?locale=fr_FR\" \/>\n<meta property=\"og:image\" content=\"https:\/\/structwater.com\/wp-content\/uploads\/2024\/12\/STRUCTFOOD-OR.jpg\" \/>\n\t<meta property=\"og:image:width\" content=\"640\" \/>\n\t<meta property=\"og:image:height\" content=\"640\" \/>\n\t<meta property=\"og:image:type\" content=\"image\/jpeg\" \/>\n<meta name=\"twitter:card\" content=\"summary_large_image\" \/>\n<meta name=\"twitter:title\" content=\"StructFood - Energizing Plate for Food, Care Products and Supplements\" \/>\n<meta name=\"twitter:label1\" content=\"Availability\" \/>\n\t<meta name=\"twitter:data1\" content=\"In stock\" \/>\n<script type=\"application\/ld+json\" class=\"yoast-schema-graph\">{\"@context\":\"https:\\\/\\\/schema.org\",\"@graph\":[{\"@type\":\"WebPage\",\"@id\":\"https:\\\/\\\/structwater.com\\\/en\\\/produit\\\/structfood-energizing-plate-for-food-care-products-and-supplements\\\/\",\"url\":\"https:\\\/\\\/structwater.com\\\/en\\\/produit\\\/structfood-energizing-plate-for-food-care-products-and-supplements\\\/\",\"name\":\"StructFood Energizing Plate - Fast Delivery\",\"isPartOf\":{\"@id\":\"https:\\\/\\\/structwater.com\\\/en\\\/#website\"},\"primaryImageOfPage\":{\"@id\":\"https:\\\/\\\/structwater.com\\\/en\\\/produit\\\/structfood-energizing-plate-for-food-care-products-and-supplements\\\/#primaryimage\"},\"image\":{\"@id\":\"https:\\\/\\\/structwater.com\\\/en\\\/produit\\\/structfood-energizing-plate-for-food-care-products-and-supplements\\\/#primaryimage\"},\"thumbnailUrl\":\"https:\\\/\\\/structwater.com\\\/wp-content\\\/uploads\\\/2024\\\/12\\\/STRUCTFOOD-OR.jpg\",\"datePublished\":\"2024-12-14T15:58:26+00:00\",\"description\":\"StructFood Energizing Plate - Revitalizing Action, Dual Use, Elegant & Eco-Friendly Design - 30 cm Diameter - 2 cm Height\",\"breadcrumb\":{\"@id\":\"https:\\\/\\\/structwater.com\\\/en\\\/produit\\\/structfood-energizing-plate-for-food-care-products-and-supplements\\\/#breadcrumb\"},\"inLanguage\":\"en-US\",\"potentialAction\":[{\"@type\":\"ReadAction\",\"target\":[\"https:\\\/\\\/structwater.com\\\/en\\\/produit\\\/structfood-energizing-plate-for-food-care-products-and-supplements\\\/\"]}]},{\"@type\":\"ImageObject\",\"inLanguage\":\"en-US\",\"@id\":\"https:\\\/\\\/structwater.com\\\/en\\\/produit\\\/structfood-energizing-plate-for-food-care-products-and-supplements\\\/#primaryimage\",\"url\":\"https:\\\/\\\/structwater.com\\\/wp-content\\\/uploads\\\/2024\\\/12\\\/STRUCTFOOD-OR.jpg\",\"contentUrl\":\"https:\\\/\\\/structwater.com\\\/wp-content\\\/uploads\\\/2024\\\/12\\\/STRUCTFOOD-OR.jpg\",\"width\":640,\"height\":640,\"caption\":\"StructFood \u2013 Natural food energizing tray, designed to improve vitality and assimilation.\"},{\"@type\":\"BreadcrumbList\",\"@id\":\"https:\\\/\\\/structwater.com\\\/en\\\/produit\\\/structfood-energizing-plate-for-food-care-products-and-supplements\\\/#breadcrumb\",\"itemListElement\":[{\"@type\":\"ListItem\",\"position\":1,\"name\":\"Home\",\"item\":\"https:\\\/\\\/structwater.com\\\/en\\\/home\\\/\"},{\"@type\":\"ListItem\",\"position\":2,\"name\":\"Food Energization\"}]},{\"@type\":\"WebSite\",\"@id\":\"https:\\\/\\\/structwater.com\\\/en\\\/#website\",\"url\":\"https:\\\/\\\/structwater.com\\\/en\\\/\",\"name\":\"Structwater\",\"description\":\"\u00ab L\u2019eau pure, dans sa forme la plus vivante. \u00bb\",\"publisher\":{\"@id\":\"https:\\\/\\\/structwater.com\\\/en\\\/#organization\"},\"potentialAction\":[{\"@type\":\"SearchAction\",\"target\":{\"@type\":\"EntryPoint\",\"urlTemplate\":\"https:\\\/\\\/structwater.com\\\/en\\\/?s={search_term_string}\"},\"query-input\":{\"@type\":\"PropertyValueSpecification\",\"valueRequired\":true,\"valueName\":\"search_term_string\"}}],\"inLanguage\":\"en-US\"},{\"@type\":[\"Organization\",\"Place\"],\"@id\":\"https:\\\/\\\/structwater.com\\\/en\\\/#organization\",\"name\":\"Structwater\",\"alternateName\":\"STRUCTVITALITY LTD \\\/ STRUCT WATER\",\"url\":\"https:\\\/\\\/structwater.com\\\/en\\\/\",\"logo\":{\"@id\":\"https:\\\/\\\/structwater.com\\\/en\\\/produit\\\/structfood-energizing-plate-for-food-care-products-and-supplements\\\/#local-main-organization-logo\"},\"image\":{\"@id\":\"https:\\\/\\\/structwater.com\\\/en\\\/produit\\\/structfood-energizing-plate-for-food-care-products-and-supplements\\\/#local-main-organization-logo\"},\"sameAs\":[\"https:\\\/\\\/www.facebook.com\\\/people\\\/Structwater-France\\\/100069646514223\\\/?locale=fr_FR\",\"https:\\\/\\\/www.youtube.com\\\/@structwater\",\"https:\\\/\\\/www.instagram.com\\\/structwater_france\\\/\"],\"legalName\":\"STRUCTVITALITY LTD\",\"telephone\":[],\"openingHoursSpecification\":[{\"@type\":\"OpeningHoursSpecification\",\"dayOfWeek\":[\"Monday\",\"Tuesday\",\"Wednesday\",\"Thursday\",\"Friday\",\"Saturday\",\"Sunday\"],\"opens\":\"09:00\",\"closes\":\"17:00\"}]},{\"@type\":\"ImageObject\",\"inLanguage\":\"en-US\",\"@id\":\"https:\\\/\\\/structwater.com\\\/en\\\/produit\\\/structfood-energizing-plate-for-food-care-products-and-supplements\\\/#local-main-organization-logo\",\"url\":\"https:\\\/\\\/structwater.com\\\/wp-content\\\/uploads\\\/2024\\\/12\\\/ICONE-STRUCTWATER.jpg\",\"contentUrl\":\"https:\\\/\\\/structwater.com\\\/wp-content\\\/uploads\\\/2024\\\/12\\\/ICONE-STRUCTWATER.jpg\",\"width\":512,\"height\":512,\"caption\":\"Structwater\"}]}<\/script>\n<meta property=\"og:availability\" content=\"instock\" \/>\n<meta property=\"product:availability\" content=\"instock\" \/>\n<meta property=\"product:condition\" content=\"new\" \/>\n<!-- \/ Yoast SEO Premium plugin. -->","yoast_head_json":{"title":"StructFood Energizing Plate - Fast Delivery","description":"StructFood Energizing Plate - Revitalizing Action, Dual Use, Elegant & Eco-Friendly Design - 30 cm Diameter - 2 cm Height","robots":{"index":"index","follow":"follow","max-snippet":"max-snippet:-1","max-image-preview":"max-image-preview:large","max-video-preview":"max-video-preview:-1"},"canonical":"https:\/\/structwater.com\/en\/produit\/structfood-energizing-plate-for-food-care-products-and-supplements\/","og_locale":"en_US","og_type":"article","og_title":"StructFood Food Energizer by StructWater","og_description":"Revitalize your food with the StructFood Food Energizer by StructWater. Discover a new way to savor your meals! \ud83c\udf7d\ufe0f","og_url":"https:\/\/structwater.com\/en\/produit\/structfood-energizing-plate-for-food-care-products-and-supplements\/","og_site_name":"Structwater","article_publisher":"https:\/\/www.facebook.com\/people\/Structwater-France\/100069646514223\/?locale=fr_FR","og_image":[{"width":640,"height":640,"url":"https:\/\/structwater.com\/wp-content\/uploads\/2024\/12\/STRUCTFOOD-OR.jpg","type":"image\/jpeg"}],"twitter_card":"summary_large_image","twitter_title":"StructFood - Energizing Plate for Food, Care Products and Supplements","twitter_misc":{"Availability":"In stock"},"schema":{"@context":"https:\/\/schema.org","@graph":[{"@type":"WebPage","@id":"https:\/\/structwater.com\/en\/produit\/structfood-energizing-plate-for-food-care-products-and-supplements\/","url":"https:\/\/structwater.com\/en\/produit\/structfood-energizing-plate-for-food-care-products-and-supplements\/","name":"StructFood Energizing Plate - Fast Delivery","isPartOf":{"@id":"https:\/\/structwater.com\/en\/#website"},"primaryImageOfPage":{"@id":"https:\/\/structwater.com\/en\/produit\/structfood-energizing-plate-for-food-care-products-and-supplements\/#primaryimage"},"image":{"@id":"https:\/\/structwater.com\/en\/produit\/structfood-energizing-plate-for-food-care-products-and-supplements\/#primaryimage"},"thumbnailUrl":"https:\/\/structwater.com\/wp-content\/uploads\/2024\/12\/STRUCTFOOD-OR.jpg","datePublished":"2024-12-14T15:58:26+00:00","description":"StructFood Energizing Plate - Revitalizing Action, Dual Use, Elegant & Eco-Friendly Design - 30 cm Diameter - 2 cm Height","breadcrumb":{"@id":"https:\/\/structwater.com\/en\/produit\/structfood-energizing-plate-for-food-care-products-and-supplements\/#breadcrumb"},"inLanguage":"en-US","potentialAction":[{"@type":"ReadAction","target":["https:\/\/structwater.com\/en\/produit\/structfood-energizing-plate-for-food-care-products-and-supplements\/"]}]},{"@type":"ImageObject","inLanguage":"en-US","@id":"https:\/\/structwater.com\/en\/produit\/structfood-energizing-plate-for-food-care-products-and-supplements\/#primaryimage","url":"https:\/\/structwater.com\/wp-content\/uploads\/2024\/12\/STRUCTFOOD-OR.jpg","contentUrl":"https:\/\/structwater.com\/wp-content\/uploads\/2024\/12\/STRUCTFOOD-OR.jpg","width":640,"height":640,"caption":"StructFood \u2013 Natural food energizing tray, designed to improve vitality and assimilation."},{"@type":"BreadcrumbList","@id":"https:\/\/structwater.com\/en\/produit\/structfood-energizing-plate-for-food-care-products-and-supplements\/#breadcrumb","itemListElement":[{"@type":"ListItem","position":1,"name":"Home","item":"https:\/\/structwater.com\/en\/home\/"},{"@type":"ListItem","position":2,"name":"Food Energization"}]},{"@type":"WebSite","@id":"https:\/\/structwater.com\/en\/#website","url":"https:\/\/structwater.com\/en\/","name":"Structwater","description":"\u00ab L\u2019eau pure, dans sa forme la plus vivante. \u00bb","publisher":{"@id":"https:\/\/structwater.com\/en\/#organization"},"potentialAction":[{"@type":"SearchAction","target":{"@type":"EntryPoint","urlTemplate":"https:\/\/structwater.com\/en\/?s={search_term_string}"},"query-input":{"@type":"PropertyValueSpecification","valueRequired":true,"valueName":"search_term_string"}}],"inLanguage":"en-US"},{"@type":["Organization","Place"],"@id":"https:\/\/structwater.com\/en\/#organization","name":"Structwater","alternateName":"STRUCTVITALITY LTD \/ STRUCT WATER","url":"https:\/\/structwater.com\/en\/","logo":{"@id":"https:\/\/structwater.com\/en\/produit\/structfood-energizing-plate-for-food-care-products-and-supplements\/#local-main-organization-logo"},"image":{"@id":"https:\/\/structwater.com\/en\/produit\/structfood-energizing-plate-for-food-care-products-and-supplements\/#local-main-organization-logo"},"sameAs":["https:\/\/www.facebook.com\/people\/Structwater-France\/100069646514223\/?locale=fr_FR","https:\/\/www.youtube.com\/@structwater","https:\/\/www.instagram.com\/structwater_france\/"],"legalName":"STRUCTVITALITY LTD","telephone":[],"openingHoursSpecification":[{"@type":"OpeningHoursSpecification","dayOfWeek":["Monday","Tuesday","Wednesday","Thursday","Friday","Saturday","Sunday"],"opens":"09:00","closes":"17:00"}]},{"@type":"ImageObject","inLanguage":"en-US","@id":"https:\/\/structwater.com\/en\/produit\/structfood-energizing-plate-for-food-care-products-and-supplements\/#local-main-organization-logo","url":"https:\/\/structwater.com\/wp-content\/uploads\/2024\/12\/ICONE-STRUCTWATER.jpg","contentUrl":"https:\/\/structwater.com\/wp-content\/uploads\/2024\/12\/ICONE-STRUCTWATER.jpg","width":512,"height":512,"caption":"Structwater"}]},"og_availability":"instock","product_availability":"instock","product_condition":"new"},"_links":{"self":[{"href":"https:\/\/structwater.com\/en\/wp-json\/wp\/v2\/product\/49311","targetHints":{"allow":["GET"]}}],"collection":[{"href":"https:\/\/structwater.com\/en\/wp-json\/wp\/v2\/product"}],"about":[{"href":"https:\/\/structwater.com\/en\/wp-json\/wp\/v2\/types\/product"}],"replies":[{"embeddable":true,"href":"https:\/\/structwater.com\/en\/wp-json\/wp\/v2\/comments?post=49311"}],"wp:featuredmedia":[{"embeddable":true,"href":"https:\/\/structwater.com\/en\/wp-json\/wp\/v2\/media\/46124"}],"wp:attachment":[{"href":"https:\/\/structwater.com\/en\/wp-json\/wp\/v2\/media?parent=49311"}],"wp:term":[{"taxonomy":"product_brand","embeddable":true,"href":"https:\/\/structwater.com\/en\/wp-json\/wp\/v2\/product_brand?post=49311"},{"taxonomy":"product_cat","embeddable":true,"href":"https:\/\/structwater.com\/en\/wp-json\/wp\/v2\/product_cat?post=49311"},{"taxonomy":"product_tag","embeddable":true,"href":"https:\/\/structwater.com\/en\/wp-json\/wp\/v2\/product_tag?post=49311"}],"curies":[{"name":"wp","href":"https:\/\/api.w.org\/{rel}","templated":true}]}}