{"id":49384,"date":"2025-04-28T12:00:08","date_gmt":"2025-04-28T10:00:08","guid":{"rendered":"https:\/\/structwater.com\/produit\/pack-structhome-filtrazione-e-dinamizzazione-della-tua-acqua\/"},"modified":"2025-04-28T12:00:08","modified_gmt":"2025-04-28T10:00:08","slug":"pack-structhome-filtrazione-e-dinamizzazione-della-tua-acqua","status":"publish","type":"product","link":"https:\/\/structwater.com\/it\/produit\/pack-structhome-filtrazione-e-dinamizzazione-della-tua-acqua\/","title":{"rendered":"Pack StructHome \u2013 Filtrazione e dinamizzazione della tua acqua"},"content":{"rendered":"<style>.pack-structhome-premium,\n.pack-structhome-premium p,\n.pack-structhome-premium li,\n.pack-structhome-premium span,\n.pack-structhome-premium div {\n  font-family: Arial, Helvetica, sans-serif !important;\n  color: #5f564c !important;\n  line-height: 1.8 !important;\n}<\/p>\n<p>.pack-structhome-premium {\n  max-width: 100% !important;\n}<\/p>\n<p>.pack-structhome-premium .hero {\n  background: linear-gradient(180deg,#fbf7f1,#f6efe5) !important;\n  border:1px solid #eadfce !important;\n  border-radius:22px !important;\n  padding:38px !important;\n  margin-bottom:34px !important;\n}<\/p>\n<p>.pack-structhome-premium h2 {\n  font-size:30px !important;\n  color:#8c6b43 !important;\n  margin-bottom:16px !important;\n}<\/p>\n<p>.pack-structhome-premium h3 {\n  font-size:22px !important;\n  color:#7a6244 !important;\n  margin-bottom:10px !important;\n}<\/p>\n<p>.pack-structhome-premium .lead {\n  font-size:20px !important;\n  color:#726252 !important;\n}<\/p>\n<p>.pack-structhome-premium .grid {\n  display:grid !important;\n  grid-template-columns:repeat(2,1fr) !important;\n  gap:24px !important;\n}<\/p>\n<p>.pack-structhome-premium .card {\n  background:#fcfaf7 !important;\n  border:1px solid #eadfce !important;\n  border-radius:18px !important;\n  padding:24px !important;\n}<\/p>\n<p>.pack-structhome-premium .highlight {\n  border-left:4px solid #c7a86d !important;\n  padding:16px 18px !important;\n  background:#fcf8f2 !important;\n  border-radius:0 14px 14px 0 !important;\n  margin-top:20px !important;\n}<\/p>\n<p>.pack-structhome-premium .section {\n  margin-bottom:42px !important;\n}<\/p>\n<p>@media(max-width:767px){\n  .pack-structhome-premium .grid{\n    grid-template-columns:1fr !important;\n  }\n}\n<\/style>\n<div class=\"pack-structhome-premium\">\n<div class=\"hero\">\n<h2>Pack StructHome \u2013 Eau Pure, Eau Dynamis\u00e9e &#038; Harmonie du Quotidien<\/h2>\n<p class=\"lead\">Une solution compl\u00e8te pour transformer votre eau\u2026 et tout votre environnement.\n<\/p>\n<p>Le <strong>Pack StructHome<\/strong> associe la <strong>puret\u00e9 de l\u2019osmose inverse<\/strong>,<br \/>\nla <strong>dynamisation de l\u2019eau<\/strong>,<br \/>\nl\u2019<strong>harmonisation de la maison<\/strong>et la <strong>vitalit\u00e9 de votre alimentation<\/strong>.\n<\/p>\n<p>Il r\u00e9unit la <strong>fontaine Mini Water<\/strong>,<br \/>\nle <strong>StructWater Nomade<\/strong> (socle dynamiseur plac\u00e9 sous la carafe),<br \/>\nle <strong>Biodynamic Water Home Precious<\/strong>et le <strong>plateau StructFood<\/strong>.\n<\/p>\n<p>Une approche globale pour retrouver une eau plus coh\u00e9rente, plus agr\u00e9able et plus qualitative dans tous les aspects de votre quotidien.\n<\/p>\n<\/div>\n<div class=\"section\">\n<h2>Une approche compl\u00e8te de l\u2019eau<\/h2>\n<p>Le Pack StructHome ne se limite pas \u00e0 filtrer l\u2019eau que vous buvez.<br \/>\nIl agit \u00e0 plusieurs niveaux pour cr\u00e9er une continuit\u00e9 entre l\u2019eau de boisson, l\u2019eau de la maison et ce que vous consommez.\n<\/p>\n<div class=\"highlight\"><strong>Filtrer, dynamiser et harmoniser :<\/strong> une logique compl\u00e8te r\u00e9unie dans une seule solution.\n<\/div>\n<\/div>\n<div class=\"section\">\n<h2>Les 4 piliers du Pack StructHome<\/h2>\n<div class=\"grid\">\n<div class=\"card\">\n<h3>Mini Water<\/h3>\n<p>Une fontaine \u00e0 osmose inverse qui \u00e9limine une grande partie des r\u00e9sidus ind\u00e9sirables pour une eau plus pure et plus l\u00e9g\u00e8re.\n<\/p>\n<\/div>\n<div class=\"card\">\n<h3>StructWater Nomade<\/h3>\n<p>Le socle dynamiseur plac\u00e9 sous la carafe de la fontaine. Il accompagne l\u2019eau apr\u00e8s filtration pour lui redonner une coh\u00e9rence plus harmonieuse et plus qualitative.\n<\/p>\n<\/div>\n<div class=\"card\">\n<h3>Biodynamic Water Home Precious<\/h3>\n<p>Un syst\u00e8me con\u00e7u pour accompagner l\u2019eau dans toute la maison : douche, linge, vaisselle, arrosage et usages quotidiens.\n<\/p>\n<\/div>\n<div class=\"card\">\n<h3>StructFood<\/h3>\n<p>Un plateau premium pour accompagner aliments, boissons, compl\u00e9ments et cosm\u00e9tiques dans une logique de vitalit\u00e9 du quotidien.\n<\/p>\n<\/div>\n<\/div>\n<\/div>\n<div class=\"section\">\n<h2>Pourquoi ce pack fait la diff\u00e9rence<\/h2>\n<div class=\"grid\">\n<div class=\"card\">\n<h3>Une eau purifi\u00e9e et dynamis\u00e9e<\/h3>\n<p>L\u2019osmose inverse nettoie l\u2019eau, le StructWater Nomade vient ensuite lui redonner une qualit\u00e9 plus coh\u00e9rente et agr\u00e9able.\n<\/p>\n<\/div>\n<div class=\"card\">\n<h3>Une action dans toute la maison<\/h3>\n<p>Le Biodynamic Water Home agit sur l\u2019eau utilis\u00e9e au quotidien dans votre environnement.\n<\/p>\n<\/div>\n<div class=\"card\">\n<h3>Une continuit\u00e9 avec l\u2019alimentation<\/h3>\n<p>Le StructFood permet d\u2019\u00e9tendre cette logique \u00e0 ce que vous consommez.\n<\/p>\n<\/div>\n<div class=\"card\">\n<h3>Une solution globale<\/h3>\n<p>Vous am\u00e9liorez \u00e0 la fois votre eau, votre environnement et votre quotidien.\n<\/p>\n<\/div>\n<\/div>\n<\/div>\n<div class=\"section\">\n<h2>Les b\u00e9n\u00e9fices au quotidien<\/h2>\n<ul>\n<li>Une eau plus pure pour la boisson<\/li>\n<li>Une eau dynamis\u00e9e gr\u00e2ce au StructWater Nomade<\/li>\n<li>Une eau plus agr\u00e9able dans toute la maison<\/li>\n<li>Des aliments et produits accompagn\u00e9s<\/li>\n<li>Une approche globale, simple et naturelle<\/li>\n<\/ul>\n<\/div>\n<div class=\"section\">\n<h2>Contenu du pack<\/h2>\n<ul>\n<li><strong>1 fontaine Mini Water<\/strong><\/li>\n<li><strong>1 StructWater Nomade (socle dynamiseur)<\/strong><\/li>\n<li><strong>1 Biodynamic Water Home Precious<\/strong><\/li>\n<li><strong>1 plateau StructFood<\/strong><\/li>\n<\/ul>\n<\/div>\n<div class=\"section\">\n<h2>Pourquoi choisir ce pack ?<\/h2>\n<p>Ce pack s\u2019adresse aux personnes qui veulent aller au-del\u00e0 d\u2019une simple filtration de l\u2019eau.\n<\/p>\n<p>Il propose une vision plus compl\u00e8te :<br \/>\nboire mieux, vivre avec une eau plus agr\u00e9able et int\u00e9grer une logique de qualit\u00e9 dans l\u2019ensemble du quotidien.\n<\/p>\n<\/div>\n<div class=\"section\">\n<h2>Pour qui ?<\/h2>\n<ul>\n<li>Personnes sensibles \u00e0 la qualit\u00e9 de l\u2019eau<\/li>\n<li>Recherche de bien-\u00eatre global<\/li>\n<li>Approche naturelle et coh\u00e9rente<\/li>\n<li>Envie d\u2019une solution compl\u00e8te \u00e0 la maison<\/li>\n<\/ul>\n<\/div>\n<\/div>\n","protected":false},"excerpt":{"rendered":"<p>\nE se tutta l&#8217;acqua della tua casa diventasse finalmente coerente con la tua esigenza di qualit\u00e0?\n<\/p>\n<p>\nIl <strong>Pack StructHome<\/strong> comprende :<br \/>\nuna <strong>fontana a osmosi inversa<\/strong>,<br \/>\nlo <strong>StructWater Nomade<\/strong>,<br \/>\nil <strong>Biodynamic Water Home Precious<\/strong><br \/>\ne lo <strong>StructFood<\/strong>.\n<\/p>\n<ul>\n<li>Acqua purificata da bere<\/li>\n<li>Acqua dinamizzata con lo StructWater Nomade<\/li>\n<li>Acqua armonizzata per tutta la casa<\/li>\n<li>Alimenti e prodotti rivitalizzati<\/li>\n<\/ul>\n<p>\nUna soluzione completa per trasformare il tuo rapporto con l&#8217;acqua in tutta la tua quotidianit\u00e0.<\/p>\n","protected":false},"featured_media":46306,"comment_status":"open","ping_status":"closed","template":"","meta":[],"product_brand":[],"product_cat":[255],"product_tag":[225,244,336,257,338,340,337,339],"class_list":{"0":"post-49384","1":"product","2":"type-product","3":"status-publish","4":"has-post-thumbnail","6":"product_cat-pack","7":"product_tag-acqua-energizzata","8":"product_tag-dinamizzazione-dellacqua","9":"product_tag-filtrazione-naturale","10":"product_tag-fontana-osmosi-inversa","11":"product_tag-pack-dinamizzazione-casa","12":"product_tag-sistema-anticalcare","13":"product_tag-soluzione-benessere-casa","14":"product_tag-vassoio-strutturante-alimenti","16":"first","17":"instock","18":"sale","19":"taxable","20":"shipping-taxable","21":"purchasable","22":"product-type-variable"},"supplier_id":null,"supplier_sku":"","barcode":null,"atum_controlled":true,"out_stock_date":null,"out_stock_threshold":null,"inheritable":true,"inbound_stock":0,"stock_on_hold":0,"sold_today":0,"sales_last_days":0,"reserved_stock":0,"customer_returns":0,"warehouse_damage":0,"lost_in_post":0,"other_logs":0,"out_stock_days":0,"lost_sales":0,"has_location":false,"update_date":"2026-04-18T00:19:46","atum_locations":[],"atum_stock_status":"instock","restock_status":false,"low_stock_amount":"","sales_update_date":"2026-04-18T00:19:46","calc_backorders":null,"yoast_head":"<!-- This site is optimized with the Yoast SEO Premium plugin v27.3 (Yoast SEO v27.3) - https:\/\/yoast.com\/product\/yoast-seo-premium-wordpress\/ -->\n<title>filtrazione per osmosi inversa e dinamizzazione dell&#039;acqua ottimale<\/title>\n<meta name=\"description\" content=\"Trasforma la tua acqua con il nostro sistema di filtrazione per osmosi inversa e dinamizzazione dell&#039;acqua. Ti aspetta un&#039;esperienza pura e rivitalizzante! \ud83d\udca7\" \/>\n<meta name=\"robots\" content=\"index, follow, max-snippet:-1, max-image-preview:large, max-video-preview:-1\" \/>\n<link rel=\"canonical\" href=\"https:\/\/structwater.com\/it\/produit\/pack-structhome-filtrazione-e-dinamizzazione-della-tua-acqua\/\" \/>\n<meta property=\"og:locale\" content=\"it_IT\" \/>\n<meta property=\"og:type\" content=\"article\" \/>\n<meta property=\"og:title\" content=\"Filtrazione per osmosi inversa e dinamizzazione dell&#039;acqua, dei tuoi alimenti e della tua casa\" \/>\n<meta property=\"og:description\" content=\"Scopri la Fontana Mini-Water e la sua filtrazione per osmosi inversa e dinamizzazione dell&#039;acqua. Regala alla tua famiglia un&#039;acqua pura e rivitalizzata!\" \/>\n<meta property=\"og:url\" content=\"https:\/\/structwater.com\/it\/produit\/pack-structhome-filtrazione-e-dinamizzazione-della-tua-acqua\/\" \/>\n<meta property=\"og:site_name\" content=\"Structwater\" \/>\n<meta property=\"article:publisher\" content=\"https:\/\/www.facebook.com\/people\/Structwater-France\/100069646514223\/?locale=fr_FR\" \/>\n<meta property=\"og:image\" content=\"https:\/\/structwater.com\/wp-content\/uploads\/2025\/04\/PACK-STRUCTHOME.jpg\" \/>\n\t<meta property=\"og:image:width\" content=\"640\" \/>\n\t<meta property=\"og:image:height\" content=\"640\" \/>\n\t<meta property=\"og:image:type\" content=\"image\/jpeg\" \/>\n<meta name=\"twitter:card\" content=\"summary_large_image\" \/>\n<meta name=\"twitter:title\" content=\"Filtrazione per osmosi inversa e dinamizzazione dell&#039;acqua\" \/>\n<meta name=\"twitter:description\" content=\"Scopri la nostra filtrazione per osmosi inversa e dinamizzazione dell&#039;acqua per una vita pi\u00f9 sana. Trasforma la tua acqua e il tuo benessere! \ud83d\udca7\" \/>\n<meta name=\"twitter:label1\" content=\"Availability\" \/>\n\t<meta name=\"twitter:data1\" content=\"In stock\" \/>\n<script type=\"application\/ld+json\" class=\"yoast-schema-graph\">{\"@context\":\"https:\\\/\\\/schema.org\",\"@graph\":[{\"@type\":\"WebPage\",\"@id\":\"https:\\\/\\\/structwater.com\\\/it\\\/produit\\\/pack-structhome-filtrazione-e-dinamizzazione-della-tua-acqua\\\/\",\"url\":\"https:\\\/\\\/structwater.com\\\/it\\\/produit\\\/pack-structhome-filtrazione-e-dinamizzazione-della-tua-acqua\\\/\",\"name\":\"filtrazione per osmosi inversa e dinamizzazione dell'acqua ottimale\",\"isPartOf\":{\"@id\":\"https:\\\/\\\/structwater.com\\\/it\\\/#website\"},\"primaryImageOfPage\":{\"@id\":\"https:\\\/\\\/structwater.com\\\/it\\\/produit\\\/pack-structhome-filtrazione-e-dinamizzazione-della-tua-acqua\\\/#primaryimage\"},\"image\":{\"@id\":\"https:\\\/\\\/structwater.com\\\/it\\\/produit\\\/pack-structhome-filtrazione-e-dinamizzazione-della-tua-acqua\\\/#primaryimage\"},\"thumbnailUrl\":\"https:\\\/\\\/structwater.com\\\/wp-content\\\/uploads\\\/2025\\\/04\\\/PACK-STRUCTHOME.jpg\",\"datePublished\":\"2025-04-28T10:00:08+00:00\",\"description\":\"Trasforma la tua acqua con il nostro sistema di filtrazione per osmosi inversa e dinamizzazione dell'acqua. Ti aspetta un'esperienza pura e rivitalizzante! \ud83d\udca7\",\"breadcrumb\":{\"@id\":\"https:\\\/\\\/structwater.com\\\/it\\\/produit\\\/pack-structhome-filtrazione-e-dinamizzazione-della-tua-acqua\\\/#breadcrumb\"},\"inLanguage\":\"it-IT\",\"potentialAction\":[{\"@type\":\"ReadAction\",\"target\":[\"https:\\\/\\\/structwater.com\\\/it\\\/produit\\\/pack-structhome-filtrazione-e-dinamizzazione-della-tua-acqua\\\/\"]}]},{\"@type\":\"ImageObject\",\"inLanguage\":\"it-IT\",\"@id\":\"https:\\\/\\\/structwater.com\\\/it\\\/produit\\\/pack-structhome-filtrazione-e-dinamizzazione-della-tua-acqua\\\/#primaryimage\",\"url\":\"https:\\\/\\\/structwater.com\\\/wp-content\\\/uploads\\\/2025\\\/04\\\/PACK-STRUCTHOME.jpg\",\"contentUrl\":\"https:\\\/\\\/structwater.com\\\/wp-content\\\/uploads\\\/2025\\\/04\\\/PACK-STRUCTHOME.jpg\",\"width\":640,\"height\":640,\"caption\":\"Il Pack StructHome comprende una fontana a osmosi inversa, un dinamizzatore d'acqua domestico e un vassoio per rivitalizzare i tuoi alimenti.\"},{\"@type\":\"BreadcrumbList\",\"@id\":\"https:\\\/\\\/structwater.com\\\/it\\\/produit\\\/pack-structhome-filtrazione-e-dinamizzazione-della-tua-acqua\\\/#breadcrumb\",\"itemListElement\":[{\"@type\":\"ListItem\",\"position\":1,\"name\":\"Home\",\"item\":\"https:\\\/\\\/structwater.com\\\/it\\\/home\\\/\"},{\"@type\":\"ListItem\",\"position\":2,\"name\":\"Pack StructHome \u2013 Filtrazione e dinamizzazione della tua acqua\"}]},{\"@type\":\"WebSite\",\"@id\":\"https:\\\/\\\/structwater.com\\\/it\\\/#website\",\"url\":\"https:\\\/\\\/structwater.com\\\/it\\\/\",\"name\":\"Structwater\",\"description\":\"\u00ab L\u2019eau pure, dans sa forme la plus vivante. \u00bb\",\"publisher\":{\"@id\":\"https:\\\/\\\/structwater.com\\\/it\\\/#organization\"},\"potentialAction\":[{\"@type\":\"SearchAction\",\"target\":{\"@type\":\"EntryPoint\",\"urlTemplate\":\"https:\\\/\\\/structwater.com\\\/it\\\/?s={search_term_string}\"},\"query-input\":{\"@type\":\"PropertyValueSpecification\",\"valueRequired\":true,\"valueName\":\"search_term_string\"}}],\"inLanguage\":\"it-IT\"},{\"@type\":[\"Organization\",\"Place\"],\"@id\":\"https:\\\/\\\/structwater.com\\\/it\\\/#organization\",\"name\":\"Structwater\",\"alternateName\":\"STRUCTVITALITY LTD \\\/ STRUCT WATER\",\"url\":\"https:\\\/\\\/structwater.com\\\/it\\\/\",\"logo\":{\"@id\":\"https:\\\/\\\/structwater.com\\\/it\\\/produit\\\/pack-structhome-filtrazione-e-dinamizzazione-della-tua-acqua\\\/#local-main-organization-logo\"},\"image\":{\"@id\":\"https:\\\/\\\/structwater.com\\\/it\\\/produit\\\/pack-structhome-filtrazione-e-dinamizzazione-della-tua-acqua\\\/#local-main-organization-logo\"},\"sameAs\":[\"https:\\\/\\\/www.facebook.com\\\/people\\\/Structwater-France\\\/100069646514223\\\/?locale=fr_FR\",\"https:\\\/\\\/www.youtube.com\\\/@structwater\",\"https:\\\/\\\/www.instagram.com\\\/structwater_france\\\/\"],\"legalName\":\"STRUCTVITALITY LTD\",\"telephone\":[],\"openingHoursSpecification\":[{\"@type\":\"OpeningHoursSpecification\",\"dayOfWeek\":[\"Monday\",\"Tuesday\",\"Wednesday\",\"Thursday\",\"Friday\",\"Saturday\",\"Sunday\"],\"opens\":\"09:00\",\"closes\":\"17:00\"}]},{\"@type\":\"ImageObject\",\"inLanguage\":\"it-IT\",\"@id\":\"https:\\\/\\\/structwater.com\\\/it\\\/produit\\\/pack-structhome-filtrazione-e-dinamizzazione-della-tua-acqua\\\/#local-main-organization-logo\",\"url\":\"https:\\\/\\\/structwater.com\\\/wp-content\\\/uploads\\\/2024\\\/12\\\/ICONE-STRUCTWATER.jpg\",\"contentUrl\":\"https:\\\/\\\/structwater.com\\\/wp-content\\\/uploads\\\/2024\\\/12\\\/ICONE-STRUCTWATER.jpg\",\"width\":512,\"height\":512,\"caption\":\"Structwater\"}]}<\/script>\n<meta property=\"og:availability\" content=\"instock\" \/>\n<meta property=\"product:availability\" content=\"instock\" \/>\n<meta property=\"product:condition\" content=\"new\" \/>\n<!-- \/ Yoast SEO Premium plugin. -->","yoast_head_json":{"title":"filtrazione per osmosi inversa e dinamizzazione dell'acqua ottimale","description":"Trasforma la tua acqua con il nostro sistema di filtrazione per osmosi inversa e dinamizzazione dell'acqua. Ti aspetta un'esperienza pura e rivitalizzante! \ud83d\udca7","robots":{"index":"index","follow":"follow","max-snippet":"max-snippet:-1","max-image-preview":"max-image-preview:large","max-video-preview":"max-video-preview:-1"},"canonical":"https:\/\/structwater.com\/it\/produit\/pack-structhome-filtrazione-e-dinamizzazione-della-tua-acqua\/","og_locale":"it_IT","og_type":"article","og_title":"Filtrazione per osmosi inversa e dinamizzazione dell'acqua, dei tuoi alimenti e della tua casa","og_description":"Scopri la Fontana Mini-Water e la sua filtrazione per osmosi inversa e dinamizzazione dell'acqua. Regala alla tua famiglia un'acqua pura e rivitalizzata!","og_url":"https:\/\/structwater.com\/it\/produit\/pack-structhome-filtrazione-e-dinamizzazione-della-tua-acqua\/","og_site_name":"Structwater","article_publisher":"https:\/\/www.facebook.com\/people\/Structwater-France\/100069646514223\/?locale=fr_FR","og_image":[{"width":640,"height":640,"url":"https:\/\/structwater.com\/wp-content\/uploads\/2025\/04\/PACK-STRUCTHOME.jpg","type":"image\/jpeg"}],"twitter_card":"summary_large_image","twitter_title":"Filtrazione per osmosi inversa e dinamizzazione dell'acqua","twitter_description":"Scopri la nostra filtrazione per osmosi inversa e dinamizzazione dell'acqua per una vita pi\u00f9 sana. Trasforma la tua acqua e il tuo benessere! \ud83d\udca7","twitter_misc":{"Availability":"In stock"},"schema":{"@context":"https:\/\/schema.org","@graph":[{"@type":"WebPage","@id":"https:\/\/structwater.com\/it\/produit\/pack-structhome-filtrazione-e-dinamizzazione-della-tua-acqua\/","url":"https:\/\/structwater.com\/it\/produit\/pack-structhome-filtrazione-e-dinamizzazione-della-tua-acqua\/","name":"filtrazione per osmosi inversa e dinamizzazione dell'acqua ottimale","isPartOf":{"@id":"https:\/\/structwater.com\/it\/#website"},"primaryImageOfPage":{"@id":"https:\/\/structwater.com\/it\/produit\/pack-structhome-filtrazione-e-dinamizzazione-della-tua-acqua\/#primaryimage"},"image":{"@id":"https:\/\/structwater.com\/it\/produit\/pack-structhome-filtrazione-e-dinamizzazione-della-tua-acqua\/#primaryimage"},"thumbnailUrl":"https:\/\/structwater.com\/wp-content\/uploads\/2025\/04\/PACK-STRUCTHOME.jpg","datePublished":"2025-04-28T10:00:08+00:00","description":"Trasforma la tua acqua con il nostro sistema di filtrazione per osmosi inversa e dinamizzazione dell'acqua. Ti aspetta un'esperienza pura e rivitalizzante! \ud83d\udca7","breadcrumb":{"@id":"https:\/\/structwater.com\/it\/produit\/pack-structhome-filtrazione-e-dinamizzazione-della-tua-acqua\/#breadcrumb"},"inLanguage":"it-IT","potentialAction":[{"@type":"ReadAction","target":["https:\/\/structwater.com\/it\/produit\/pack-structhome-filtrazione-e-dinamizzazione-della-tua-acqua\/"]}]},{"@type":"ImageObject","inLanguage":"it-IT","@id":"https:\/\/structwater.com\/it\/produit\/pack-structhome-filtrazione-e-dinamizzazione-della-tua-acqua\/#primaryimage","url":"https:\/\/structwater.com\/wp-content\/uploads\/2025\/04\/PACK-STRUCTHOME.jpg","contentUrl":"https:\/\/structwater.com\/wp-content\/uploads\/2025\/04\/PACK-STRUCTHOME.jpg","width":640,"height":640,"caption":"Il Pack StructHome comprende una fontana a osmosi inversa, un dinamizzatore d'acqua domestico e un vassoio per rivitalizzare i tuoi alimenti."},{"@type":"BreadcrumbList","@id":"https:\/\/structwater.com\/it\/produit\/pack-structhome-filtrazione-e-dinamizzazione-della-tua-acqua\/#breadcrumb","itemListElement":[{"@type":"ListItem","position":1,"name":"Home","item":"https:\/\/structwater.com\/it\/home\/"},{"@type":"ListItem","position":2,"name":"Pack StructHome \u2013 Filtrazione e dinamizzazione della tua acqua"}]},{"@type":"WebSite","@id":"https:\/\/structwater.com\/it\/#website","url":"https:\/\/structwater.com\/it\/","name":"Structwater","description":"\u00ab L\u2019eau pure, dans sa forme la plus vivante. \u00bb","publisher":{"@id":"https:\/\/structwater.com\/it\/#organization"},"potentialAction":[{"@type":"SearchAction","target":{"@type":"EntryPoint","urlTemplate":"https:\/\/structwater.com\/it\/?s={search_term_string}"},"query-input":{"@type":"PropertyValueSpecification","valueRequired":true,"valueName":"search_term_string"}}],"inLanguage":"it-IT"},{"@type":["Organization","Place"],"@id":"https:\/\/structwater.com\/it\/#organization","name":"Structwater","alternateName":"STRUCTVITALITY LTD \/ STRUCT WATER","url":"https:\/\/structwater.com\/it\/","logo":{"@id":"https:\/\/structwater.com\/it\/produit\/pack-structhome-filtrazione-e-dinamizzazione-della-tua-acqua\/#local-main-organization-logo"},"image":{"@id":"https:\/\/structwater.com\/it\/produit\/pack-structhome-filtrazione-e-dinamizzazione-della-tua-acqua\/#local-main-organization-logo"},"sameAs":["https:\/\/www.facebook.com\/people\/Structwater-France\/100069646514223\/?locale=fr_FR","https:\/\/www.youtube.com\/@structwater","https:\/\/www.instagram.com\/structwater_france\/"],"legalName":"STRUCTVITALITY LTD","telephone":[],"openingHoursSpecification":[{"@type":"OpeningHoursSpecification","dayOfWeek":["Monday","Tuesday","Wednesday","Thursday","Friday","Saturday","Sunday"],"opens":"09:00","closes":"17:00"}]},{"@type":"ImageObject","inLanguage":"it-IT","@id":"https:\/\/structwater.com\/it\/produit\/pack-structhome-filtrazione-e-dinamizzazione-della-tua-acqua\/#local-main-organization-logo","url":"https:\/\/structwater.com\/wp-content\/uploads\/2024\/12\/ICONE-STRUCTWATER.jpg","contentUrl":"https:\/\/structwater.com\/wp-content\/uploads\/2024\/12\/ICONE-STRUCTWATER.jpg","width":512,"height":512,"caption":"Structwater"}]},"og_availability":"instock","product_availability":"instock","product_condition":"new"},"_links":{"self":[{"href":"https:\/\/structwater.com\/it\/wp-json\/wp\/v2\/product\/49384","targetHints":{"allow":["GET"]}}],"collection":[{"href":"https:\/\/structwater.com\/it\/wp-json\/wp\/v2\/product"}],"about":[{"href":"https:\/\/structwater.com\/it\/wp-json\/wp\/v2\/types\/product"}],"replies":[{"embeddable":true,"href":"https:\/\/structwater.com\/it\/wp-json\/wp\/v2\/comments?post=49384"}],"wp:featuredmedia":[{"embeddable":true,"href":"https:\/\/structwater.com\/it\/wp-json\/wp\/v2\/media\/46306"}],"wp:attachment":[{"href":"https:\/\/structwater.com\/it\/wp-json\/wp\/v2\/media?parent=49384"}],"wp:term":[{"taxonomy":"product_brand","embeddable":true,"href":"https:\/\/structwater.com\/it\/wp-json\/wp\/v2\/product_brand?post=49384"},{"taxonomy":"product_cat","embeddable":true,"href":"https:\/\/structwater.com\/it\/wp-json\/wp\/v2\/product_cat?post=49384"},{"taxonomy":"product_tag","embeddable":true,"href":"https:\/\/structwater.com\/it\/wp-json\/wp\/v2\/product_tag?post=49384"}],"curies":[{"name":"wp","href":"https:\/\/api.w.org\/{rel}","templated":true}]}}